{"id":2,"date":"2017-08-25T14:20:21","date_gmt":"2017-08-25T12:20:21","guid":{"rendered":"http:\/\/stephane-olive.com\/patriciaolive\/?page_id=2"},"modified":"2023-01-16T11:41:02","modified_gmt":"2023-01-16T10:41:02","slug":"biographie","status":"publish","type":"page","link":"https:\/\/www.patricia-olive-prost.fr\/index.php\/biographie\/","title":{"rendered":"Biographie"},"content":{"rendered":"<p><img decoding=\"async\" class=\"alignnone size-large wp-image-333\" src=\"http:\/\/www.patricia-olive-prost.fr\/wp-content\/uploads\/2017\/08\/photo-patricia-1024x768.jpg\" alt=\"\" width=\"200\" srcset=\"https:\/\/www.patricia-olive-prost.fr\/wp-content\/uploads\/2017\/08\/photo-patricia.jpg 1024w, https:\/\/www.patricia-olive-prost.fr\/wp-content\/uploads\/2017\/08\/photo-patricia-300x225.jpg 300w, https:\/\/www.patricia-olive-prost.fr\/wp-content\/uploads\/2017\/08\/photo-patricia-768x576.jpg 768w, https:\/\/www.patricia-olive-prost.fr\/wp-content\/uploads\/2017\/08\/photo-patricia-370x278.jpg 370w\" sizes=\"(max-width: 1024px) 100vw, 1024px\" \/><\/p>\n<blockquote>\n<div>\n<div>\n<p>A travers son \u0153uvre, Patricia OLIVE raconte des histoires qui, si elle pouvait les\u00a0dire autrement, n\u2019auraient\u00a0pas besoin d\u2019\u00eatre peintes. L\u2019artiste met en sc\u00e8ne des femmes des ann\u00e9es\u00a01930-40\u00a0\u00e0 l\u2019\u00e9l\u00e9gance\u00a0gracieuse et d\u00e9licate, avec en toile de fond la mer, Dinard, pour rendre hommage \u00e0 cette r\u00e9gion qu\u2019elle aime tant.<\/p>\n<p>Chaque tableau d\u00e9voile, avec pudeur et subtilit\u00e9,\u00a0certains d\u00e9tails de la c\u00f4te d\u2019Emeraude, qui permettent aux connaisseurs d\u2019identifier le lieu\u00a0; Dinard bien s\u00fbr, mais aussi St Malo, l\u2019ile de C\u00e9zembre\u2026<\/p>\n<p>Passionn\u00e9e depuis toujours par le dessin, son envie d\u2019apprendre et de d\u00e9velopper son sens artistique la porte sur le chemin de Jean Gobaille, peintre local renomm\u00e9 qui, durant plusieurs ann\u00e9es, l\u2019initie \u00e0 la technique de la peinture \u00e0 l\u2019huile, et lui transmet l\u2019art de manier une palette simple, parfois sommaire, l\u2019invitant ainsi \u00e0 cr\u00e9er ses propres couleurs. Patricia Olive apprivoise ainsi son\u00a0propre\u00a0style et continue de perfectionner sa technique en suivant les cours des Beaux-Arts.<\/p>\n<p>Romantique de la Belle Epoque, elle fait revivre aujourd\u2019hui dans sa peinture la d\u00e9licatesse de ces ann\u00e9es folles,\u00a0de ces \u00ab\u00a0belles du bord de mer\u00a0\u00bb, de ces\u00a0femmes aux l\u00e8vres rouges, aux robes du soir ou aux maillots de bain ray\u00e9s.<\/p>\n<p>Chaque toile\u00a0invite ainsi\u00a0au r\u00eave, au voyage, \u00e0 la nostalgie d\u2019une \u00e9poque \u00e9vanouie et au souvenir fugace d\u2019une \u00e9motion ou d\u2019un souvenir pass\u00e9, presque insaisissable.<\/p>\n<p>Patricia Olive expose principalement dans la ville de Dinard, o\u00f9 elle vit, et qui demeure son inlassable source d\u2019inspiration.<\/p>\n<\/div>\n<hr \/>\n<p>Thought her work, Patricia Olive tells some stories that, if they could be told differently, simply wouldn\u2019t need to be painted. She stages women from the 1930s-40s, with their known gracefulness and elegance, using Dinard as the main backdrop, to honour that region she loves so much.<\/p>\n<p>Each painting unveils, with modesty and subtlety, some specific details of the Emerald Coast in Brittany that allow regular visitors to recognise some of the main locations: Dinard, of course, but also St Malo, the Cezembre Island\u2026<\/p>\n<p>With a long passion for drawings, Patricia\u2019s willingness to learn and develop her artistic skills has led her towards Jean Gobaille, a well-known local painter, who for many years has taught her the oil painting techniques, and how to best use a palette of simple primary colours.<\/p>\n<p>Patricia Olive develops her own style and continues to perfect her technique, taking lessons from \u201cles Beaux-Arts\u201d fine art school.<\/p>\n<p>From her keen interest in the romantic \u201cbelle \u00e9poque\u201d, she relives today through her paintings the essence of those years, for instance picturing women wearing bright red lipsticks, evening dresses or those traditional tripped bathing suits.<\/p>\n<p>Each painting therefore allows a travel back in time to such blossoming period, and to remember briefly her own past feelings or past memories, often unquantifiable.<\/p>\n<p>Patricia Olive primarily shows her work in the town of Dinard, where she lives, and which continues to provide her an ongoing source of ideas.<\/p>\n<\/div>\n<\/blockquote>\n","protected":false},"excerpt":{"rendered":"<p>A travers son \u0153uvre, Patricia OLIVE raconte des histoires qui, si elle pouvait les\u00a0dire autrement, n\u2019auraient\u00a0pas besoin d\u2019\u00eatre peintes. L\u2019artiste met en sc\u00e8ne des femmes des ann\u00e9es\u00a01930-40\u00a0\u00e0 l\u2019\u00e9l\u00e9gance\u00a0gracieuse et d\u00e9licate, avec en toile de fond la mer, Dinard, pour rendre hommage \u00e0 cette r\u00e9gion qu\u2019elle aime tant. Chaque tableau d\u00e9voile, avec pudeur et subtilit\u00e9,\u00a0certains d\u00e9tails [&hellip;]<\/p>\n","protected":false},"author":1,"featured_media":0,"parent":0,"menu_order":0,"comment_status":"closed","ping_status":"open","template":"","meta":{"footnotes":""},"class_list":["post-2","page","type-page","status-publish","hentry"],"_links":{"self":[{"href":"https:\/\/www.patricia-olive-prost.fr\/index.php\/wp-json\/wp\/v2\/pages\/2","targetHints":{"allow":["GET"]}}],"collection":[{"href":"https:\/\/www.patricia-olive-prost.fr\/index.php\/wp-json\/wp\/v2\/pages"}],"about":[{"href":"https:\/\/www.patricia-olive-prost.fr\/index.php\/wp-json\/wp\/v2\/types\/page"}],"author":[{"embeddable":true,"href":"https:\/\/www.patricia-olive-prost.fr\/index.php\/wp-json\/wp\/v2\/users\/1"}],"replies":[{"embeddable":true,"href":"https:\/\/www.patricia-olive-prost.fr\/index.php\/wp-json\/wp\/v2\/comments?post=2"}],"version-history":[{"count":9,"href":"https:\/\/www.patricia-olive-prost.fr\/index.php\/wp-json\/wp\/v2\/pages\/2\/revisions"}],"predecessor-version":[{"id":725,"href":"https:\/\/www.patricia-olive-prost.fr\/index.php\/wp-json\/wp\/v2\/pages\/2\/revisions\/725"}],"wp:attachment":[{"href":"https:\/\/www.patricia-olive-prost.fr\/index.php\/wp-json\/wp\/v2\/media?parent=2"}],"curies":[{"name":"wp","href":"https:\/\/api.w.org\/{rel}","templated":true}]}}